{"id":24546,"date":"2019-07-29T10:47:04","date_gmt":"2019-07-29T08:47:04","guid":{"rendered":"https:\/\/www.ecujama.es\/?page_id=24546"},"modified":"2025-10-08T11:44:19","modified_gmt":"2025-10-08T09:44:19","slug":"about-us","status":"publish","type":"page","link":"https:\/\/www.ecujama.es\/en\/about-us\/","title":{"rendered":"About Us"},"content":{"rendered":"<div class=\"wpb-content-wrapper\"><p>[vc_row dfd_row_responsive_enable=&#8221;dfd-row-responsive-enable&#8221; css=&#8221;.vc_custom_1564431774235{padding-top: 47px !important;}&#8221; responsive_styles=&#8221;padding_top_mobile:0&#8243;][vc_column width=&#8221;7\/12&#8243; css=&#8221;.vc_custom_1564256896402{background-position: center !important;background-repeat: no-repeat !important;background-size: cover !important;}&#8221; col_shadow=&#8221;box_shadow_enable:disable|shadow_horizontal:0|shadow_vertical:15|shadow_blur:50|shadow_spread:0|box_shadow_color:rgba(0%2C0%2C0%2C0.35)&#8221; col_shadow_hover=&#8221;box_shadow_enable:disable|shadow_horizontal:0|shadow_vertical:15|shadow_blur:50|shadow_spread:0|box_shadow_color:rgba(0%2C0%2C0%2C0.35)&#8221; offset=&#8221;vc_col-lg-6 vc_col-md-6 vc_col-xs-12&#8243;][dfd_single_image image=&#8221;24426&#8243;][dfd_spacer screen_wide_spacer_size=&#8221;21&#8243; screen_normal_resolution=&#8221;1024&#8243; screen_tablet_resolution=&#8221;800&#8243; screen_mobile_resolution=&#8221;480&#8243;][\/vc_column][vc_column width=&#8221;5\/12&#8243; dfd_column_responsive_enable=&#8221;dfd-column-responsive-enable&#8221; col_shadow=&#8221;box_shadow_enable:disable|shadow_horizontal:0|shadow_vertical:15|shadow_blur:50|shadow_spread:0|box_shadow_color:rgba(0%2C0%2C0%2C0.35)&#8221; col_shadow_hover=&#8221;box_shadow_enable:disable|shadow_horizontal:0|shadow_vertical:15|shadow_blur:50|shadow_spread:0|box_shadow_color:rgba(0%2C0%2C0%2C0.35)&#8221; responsive_styles=&#8221;padding_left_desktop:20|padding_right_desktop:30|padding_left_tablet:30|padding_right_tablet:30|padding_left_mobile:20|padding_right_mobile:20&#8243; offset=&#8221;vc_col-lg-6 vc_col-md-6 vc_col-xs-12&#8243; css=&#8221;.vc_custom_1564256904625{padding-right: 47px !important;padding-left: 47px !important;}&#8221;][vc_column_text]We are 2 brothers, both vets, who love horses, and to this end with effort and sacrifice, we decided one day to respond to the demand from the stud farm with \u00a0which we work and form an Equine Reproductive Centre, which started with humble pretensions and then little by little has seen itself become one of the Approved EU Centres at national level. Thanks to the confidence placed in us by our customers, we have undertaken to be exacting in the offer of our services without losing for a moment contact with the reality of the breeder, moulding ourselves to the requirements of a shifting but at the same time competitive marketplace.<\/p>\n<p>None of this would be possible without the team that we have managed to bring together, consisting of vet, horse trainer, groom and administration, all who contribute to the smooth running of the company thanks to their loyalty, situation, passion and professionalism in their work every day.[\/vc_column_text][\/vc_column][\/vc_row][vc_row css=&#8221;.vc_custom_1564255896540{padding-top: 37px !important;padding-bottom: 47px !important;}&#8221;][vc_column width=&#8221;7\/12&#8243; css=&#8221;.vc_custom_1564260650486{background-position: center !important;background-repeat: no-repeat !important;background-size: cover !important;}&#8221; col_shadow=&#8221;box_shadow_enable:disable|shadow_horizontal:0|shadow_vertical:15|shadow_blur:50|shadow_spread:0|box_shadow_color:rgba(0%2C0%2C0%2C0.35)&#8221; col_shadow_hover=&#8221;box_shadow_enable:disable|shadow_horizontal:0|shadow_vertical:15|shadow_blur:50|shadow_spread:0|box_shadow_color:rgba(0%2C0%2C0%2C0.35)&#8221; offset=&#8221;vc_col-lg-6 vc_col-md-6 vc_col-xs-12&#8243;][dfd_single_image image=&#8221;24438&#8243;][dfd_spacer screen_wide_spacer_size=&#8221;21&#8243; screen_normal_resolution=&#8221;1024&#8243; screen_tablet_resolution=&#8221;800&#8243; screen_mobile_resolution=&#8221;480&#8243;][\/vc_column][vc_column width=&#8221;5\/12&#8243; dfd_column_responsive_enable=&#8221;dfd-column-responsive-enable&#8221; col_shadow=&#8221;box_shadow_enable:disable|shadow_horizontal:0|shadow_vertical:15|shadow_blur:50|shadow_spread:0|box_shadow_color:rgba(0%2C0%2C0%2C0.35)&#8221; col_shadow_hover=&#8221;box_shadow_enable:disable|shadow_horizontal:0|shadow_vertical:15|shadow_blur:50|shadow_spread:0|box_shadow_color:rgba(0%2C0%2C0%2C0.35)&#8221; responsive_styles=&#8221;padding_left_desktop:20|padding_right_desktop:30|padding_left_tablet:30|padding_right_tablet:30|padding_left_mobile:20|padding_right_mobile:20&#8243; offset=&#8221;vc_col-lg-6 vc_col-md-6 vc_col-xs-12&#8243; css=&#8221;.vc_custom_1563320184996{padding-right: 47px !important;padding-left: 47px !important;}&#8221;][vc_column_text css=&#8221;&#8221;]<strong><u>Human team made up of<\/u><\/strong>:<\/p>\n<ul>\n<li>Jos\u00e9 Antonio Mart\u00edn Gonz\u00e1lez \u2192 Vet, Manager and Joint Owner of the Clinic.<\/li>\n<li>Miguel Mart\u00edn Gonz\u00e1lez \u2192 Vet, Manager and Joint Owner of the Clinic.<\/li>\n<li>Lidia Garc\u00eda Pi\u00f1ero \u2192 Administration.<\/li>\n<\/ul>\n<p>[\/vc_column_text][\/vc_column][\/vc_row]<\/p>\n<\/div>","protected":false},"excerpt":{"rendered":"<p>[vc_row dfd_row_responsive_enable=&#8221;dfd-row-responsive-enable&#8221; css=&#8221;.vc_custom_1564431774235{padding-top: 47px !important;}&#8221; responsive_styles=&#8221;padding_top_mobile:0&#8243;][vc_column width=&#8221;7\/12&#8243; css=&#8221;.vc_custom_1564256896402{background-position: center !important;background-repeat: no-repeat !important;background-size: cover !important;}&#8221; col_shadow=&#8221;box_shadow_enable:disable|shadow_horizontal:0|shadow_vertical:15|shadow_blur:50|shadow_spread:0|box_shadow_color:rgba(0%2C0%2C0%2C0.35)&#8221; col_shadow_hover=&#8221;box_shadow_enable:disable|shadow_horizontal:0|shadow_vertical:15|shadow_blur:50|shadow_spread:0|box_shadow_color:rgba(0%2C0%2C0%2C0.35)&#8221; offset=&#8221;vc_col-lg-6 vc_col-md-6 vc_col-xs-12&#8243;][dfd_single_image image=&#8221;24426&#8243;][dfd_spacer screen_wide_spacer_size=&#8221;21&#8243; screen_normal_resolution=&#8221;1024&#8243; screen_tablet_resolution=&#8221;800&#8243; screen_mobile_resolution=&#8221;480&#8243;][\/vc_column][vc_column width=&#8221;5\/12&#8243; dfd_column_responsive_enable=&#8221;dfd-column-responsive-enable&#8221; col_shadow=&#8221;box_shadow_enable:disable|shadow_horizontal:0|shadow_vertical:15|shadow_blur:50|shadow_spread:0|box_shadow_color:rgba(0%2C0%2C0%2C0.35)&#8221; col_shadow_hover=&#8221;box_shadow_enable:disable|shadow_horizontal:0|shadow_vertical:15|shadow_blur:50|shadow_spread:0|box_shadow_color:rgba(0%2C0%2C0%2C0.35)&#8221; responsive_styles=&#8221;padding_left_desktop:20|padding_right_desktop:30|padding_left_tablet:30|padding_right_tablet:30|padding_left_mobile:20|padding_right_mobile:20&#8243; offset=&#8221;vc_col-lg-6<\/p>\n","protected":false},"author":1,"featured_media":0,"parent":0,"menu_order":0,"comment_status":"closed","ping_status":"closed","template":"tmp-page.php","meta":{"footnotes":""},"class_list":["post-24546","page","type-page","status-publish","hentry"],"yoast_head":"<!-- This site is optimized with the Yoast SEO plugin v27.4 - https:\/\/yoast.com\/product\/yoast-seo-wordpress\/ -->\n<title>About Ecujama, Equine Reproductive Centre in Talavera, Toledo, Spain.<\/title>\n<meta name=\"description\" content=\"About Ecujama, Equine Reproductive Centre in Talavera de la Reina, Toledo, Spain. Approved EU Centres at national level. Vet, Horse Trainer.\" \/>\n<meta name=\"robots\" content=\"index, follow, max-snippet:-1, max-image-preview:large, max-video-preview:-1\" \/>\n<link rel=\"canonical\" href=\"https:\/\/www.ecujama.es\/en\/about-us\/\" \/>\n<meta property=\"og:locale\" content=\"en_US\" \/>\n<meta property=\"og:type\" content=\"article\" \/>\n<meta property=\"og:title\" content=\"About Ecujama, Equine Reproductive Centre in Talavera, Toledo, Spain.\" \/>\n<meta property=\"og:description\" content=\"About Ecujama, Equine Reproductive Centre in Talavera de la Reina, Toledo, Spain. Approved EU Centres at national level. Vet, Horse Trainer.\" \/>\n<meta property=\"og:url\" content=\"https:\/\/www.ecujama.es\/en\/about-us\/\" \/>\n<meta property=\"og:site_name\" content=\"Ecujama\" \/>\n<meta property=\"article:modified_time\" content=\"2025-10-08T09:44:19+00:00\" \/>\n<meta name=\"twitter:card\" content=\"summary_large_image\" \/>\n<meta name=\"twitter:label1\" content=\"Est. reading time\" \/>\n\t<meta name=\"twitter:data1\" content=\"2 minutes\" \/>\n<script type=\"application\/ld+json\" class=\"yoast-schema-graph\">{\"@context\":\"https:\\\/\\\/schema.org\",\"@graph\":[{\"@type\":\"WebPage\",\"@id\":\"https:\\\/\\\/www.ecujama.es\\\/en\\\/about-us\\\/\",\"url\":\"https:\\\/\\\/www.ecujama.es\\\/en\\\/about-us\\\/\",\"name\":\"About Ecujama, Equine Reproductive Centre in Talavera, Toledo, Spain.\",\"isPartOf\":{\"@id\":\"https:\\\/\\\/www.ecujama.es\\\/en\\\/#website\"},\"datePublished\":\"2019-07-29T08:47:04+00:00\",\"dateModified\":\"2025-10-08T09:44:19+00:00\",\"description\":\"About Ecujama, Equine Reproductive Centre in Talavera de la Reina, Toledo, Spain. Approved EU Centres at national level. Vet, Horse Trainer.\",\"breadcrumb\":{\"@id\":\"https:\\\/\\\/www.ecujama.es\\\/en\\\/about-us\\\/#breadcrumb\"},\"inLanguage\":\"en-US\",\"potentialAction\":[{\"@type\":\"ReadAction\",\"target\":[\"https:\\\/\\\/www.ecujama.es\\\/en\\\/about-us\\\/\"]}]},{\"@type\":\"BreadcrumbList\",\"@id\":\"https:\\\/\\\/www.ecujama.es\\\/en\\\/about-us\\\/#breadcrumb\",\"itemListElement\":[{\"@type\":\"ListItem\",\"position\":1,\"name\":\"Portada\",\"item\":\"https:\\\/\\\/www.ecujama.es\\\/en\\\/\"},{\"@type\":\"ListItem\",\"position\":2,\"name\":\"About Us\"}]},{\"@type\":\"WebSite\",\"@id\":\"https:\\\/\\\/www.ecujama.es\\\/en\\\/#website\",\"url\":\"https:\\\/\\\/www.ecujama.es\\\/en\\\/\",\"name\":\"Ecujama\",\"description\":\"Centro Equino Jama\",\"potentialAction\":[{\"@type\":\"SearchAction\",\"target\":{\"@type\":\"EntryPoint\",\"urlTemplate\":\"https:\\\/\\\/www.ecujama.es\\\/en\\\/?s={search_term_string}\"},\"query-input\":{\"@type\":\"PropertyValueSpecification\",\"valueRequired\":true,\"valueName\":\"search_term_string\"}}],\"inLanguage\":\"en-US\"}]}<\/script>\n<!-- \/ Yoast SEO plugin. -->","yoast_head_json":{"title":"About Ecujama, Equine Reproductive Centre in Talavera, Toledo, Spain.","description":"About Ecujama, Equine Reproductive Centre in Talavera de la Reina, Toledo, Spain. Approved EU Centres at national level. Vet, Horse Trainer.","robots":{"index":"index","follow":"follow","max-snippet":"max-snippet:-1","max-image-preview":"max-image-preview:large","max-video-preview":"max-video-preview:-1"},"canonical":"https:\/\/www.ecujama.es\/en\/about-us\/","og_locale":"en_US","og_type":"article","og_title":"About Ecujama, Equine Reproductive Centre in Talavera, Toledo, Spain.","og_description":"About Ecujama, Equine Reproductive Centre in Talavera de la Reina, Toledo, Spain. Approved EU Centres at national level. Vet, Horse Trainer.","og_url":"https:\/\/www.ecujama.es\/en\/about-us\/","og_site_name":"Ecujama","article_modified_time":"2025-10-08T09:44:19+00:00","twitter_card":"summary_large_image","twitter_misc":{"Est. reading time":"2 minutes"},"schema":{"@context":"https:\/\/schema.org","@graph":[{"@type":"WebPage","@id":"https:\/\/www.ecujama.es\/en\/about-us\/","url":"https:\/\/www.ecujama.es\/en\/about-us\/","name":"About Ecujama, Equine Reproductive Centre in Talavera, Toledo, Spain.","isPartOf":{"@id":"https:\/\/www.ecujama.es\/en\/#website"},"datePublished":"2019-07-29T08:47:04+00:00","dateModified":"2025-10-08T09:44:19+00:00","description":"About Ecujama, Equine Reproductive Centre in Talavera de la Reina, Toledo, Spain. Approved EU Centres at national level. Vet, Horse Trainer.","breadcrumb":{"@id":"https:\/\/www.ecujama.es\/en\/about-us\/#breadcrumb"},"inLanguage":"en-US","potentialAction":[{"@type":"ReadAction","target":["https:\/\/www.ecujama.es\/en\/about-us\/"]}]},{"@type":"BreadcrumbList","@id":"https:\/\/www.ecujama.es\/en\/about-us\/#breadcrumb","itemListElement":[{"@type":"ListItem","position":1,"name":"Portada","item":"https:\/\/www.ecujama.es\/en\/"},{"@type":"ListItem","position":2,"name":"About Us"}]},{"@type":"WebSite","@id":"https:\/\/www.ecujama.es\/en\/#website","url":"https:\/\/www.ecujama.es\/en\/","name":"Ecujama","description":"Centro Equino Jama","potentialAction":[{"@type":"SearchAction","target":{"@type":"EntryPoint","urlTemplate":"https:\/\/www.ecujama.es\/en\/?s={search_term_string}"},"query-input":{"@type":"PropertyValueSpecification","valueRequired":true,"valueName":"search_term_string"}}],"inLanguage":"en-US"}]}},"_links":{"self":[{"href":"https:\/\/www.ecujama.es\/en\/wp-json\/wp\/v2\/pages\/24546","targetHints":{"allow":["GET"]}}],"collection":[{"href":"https:\/\/www.ecujama.es\/en\/wp-json\/wp\/v2\/pages"}],"about":[{"href":"https:\/\/www.ecujama.es\/en\/wp-json\/wp\/v2\/types\/page"}],"author":[{"embeddable":true,"href":"https:\/\/www.ecujama.es\/en\/wp-json\/wp\/v2\/users\/1"}],"replies":[{"embeddable":true,"href":"https:\/\/www.ecujama.es\/en\/wp-json\/wp\/v2\/comments?post=24546"}],"version-history":[{"count":6,"href":"https:\/\/www.ecujama.es\/en\/wp-json\/wp\/v2\/pages\/24546\/revisions"}],"predecessor-version":[{"id":25243,"href":"https:\/\/www.ecujama.es\/en\/wp-json\/wp\/v2\/pages\/24546\/revisions\/25243"}],"wp:attachment":[{"href":"https:\/\/www.ecujama.es\/en\/wp-json\/wp\/v2\/media?parent=24546"}],"curies":[{"name":"wp","href":"https:\/\/api.w.org\/{rel}","templated":true}]}}